{"id":22418,"date":"2018-08-28T14:22:58","date_gmt":"2018-08-28T14:22:58","guid":{"rendered":"https:\/\/www.descobreixolot.cat\/que-fer-a-olot\/"},"modified":"2024-03-11T17:13:37","modified_gmt":"2024-03-11T17:13:37","slug":"que-fer-a-olot","status":"publish","type":"page","link":"https:\/\/www.descobreixolot.cat\/es\/que-fer-a-olot\/","title":{"rendered":"Qu\u00e9 hacer en Olot"},"content":{"rendered":"<div class=\"wpb-content-wrapper\"><p>[vc_row css=\u00bb.vc_custom_1685617365465{padding-right: 10px !important;padding-bottom: 30px !important;padding-left: 10px !important;}\u00bb][vc_column width=\u00bb1\/4&#8243; css=\u00bb.vc_custom_1607554036881{padding-right: 10px !important;padding-left: 10px !important;}\u00bb][\/vc_column][vc_column width=\u00bb1\/2&#8243;][vc_column_text]<\/p>\n<h1 style=\"text-align: center;\"><strong>Qu\u00e9 hacer en Olot<\/strong><\/h1>\n<h6 style=\"text-align: center;\"><strong>Teatro, conciertos, ferias, mercados, actividades, visitas y mucho m\u00e1s<\/strong><\/h6>\n<p>[\/vc_column_text][\/vc_column][vc_column width=\u00bb1\/4&#8243;][\/vc_column][\/vc_row][vc_row css=\u00bb.vc_custom_1607525553123{padding-right: 10px !important;padding-left: 10px !important;}\u00bb][vc_column width=\u00bb1\/3&#8243; css=\u00bb.vc_custom_1607525385396{padding-right: 10px !important;padding-left: 10px !important;background-color: #7a3e48 !important;}\u00bb][vc_column_text css=\u00bb.vc_custom_1709139006120{padding-bottom: 30px !important;}\u00bb]<\/p>\n<h2 style=\"text-align: center;\"><a href=\"https:\/\/delitgastronomic.cat\/\" target=\"_blank\" rel=\"noopener\"><strong><span style=\"color: #000000;\">DELIT GASTRON\u00d2MIC<\/span><\/strong><\/a><\/h2>\n<p>[\/vc_column_text][\/vc_column][vc_column width=\u00bb1\/3&#8243; css=\u00bb.vc_custom_1607525408179{background-color: #a99772 !important;}\u00bb][vc_column_text css=\u00bb.vc_custom_1709139014567{padding-bottom: 30px !important;}\u00bb]<\/p>\n<h2 style=\"text-align: center;\"><a href=\"https:\/\/www.descobreixolot.cat\/es\/volcanes-de-olot\/\" target=\"_blank\" rel=\"noopener\"><strong><span style=\"color: #000000;\">VOLCANES DE OLOT<\/span><\/strong><\/a><\/h2>\n<p>[\/vc_column_text][\/vc_column][vc_column width=\u00bb1\/3&#8243; css=\u00bb.vc_custom_1607525458158{background-color: #e18842 !important;}\u00bb][vc_column_text css=\u00bb.vc_custom_1702541953246{padding-bottom: 30px !important;}\u00bb]<\/p>\n<h2 style=\"text-align: center;\"><a href=\"https:\/\/espaicrater.com\/\" target=\"_blank\" rel=\"noopener\"><strong><span style=\"color: #000000;\">ESPAI CR\u00c0TER<\/span><\/strong><\/a><\/h2>\n<p>[\/vc_column_text][\/vc_column][\/vc_row][vc_row css=\u00bb.vc_custom_1607525227579{padding-right: 10px !important;padding-left: 10px !important;}\u00bb][vc_column width=\u00bb1\/3&#8243; css=\u00bb.vc_custom_1607525791445{padding-right: 10px !important;padding-left: 10px !important;background-color: #8f7658 !important;}\u00bb][vc_column_text css=\u00bb.vc_custom_1709139041583{padding-bottom: 30px !important;}\u00bb]<\/p>\n<h2 style=\"text-align: center;\"><a href=\"https:\/\/www.descobreixolot.cat\/raons-per-comprar-a-olot\/\" target=\"_blank\" rel=\"noopener\"><strong><span style=\"color: #000000;\">COMERCIO OLOT<\/span><\/strong><\/a><\/h2>\n<p>[\/vc_column_text][\/vc_column][vc_column width=\u00bb1\/3&#8243; css=\u00bb.vc_custom_1607525804077{background-color: #b79f9b !important;}\u00bb][vc_column_text css=\u00bb.vc_custom_1709139033713{padding-bottom: 30px !important;}\u00bb]<\/p>\n<h2 style=\"text-align: center;\"><a href=\"https:\/\/museus.olot.cat\/\" target=\"_blank\" rel=\"noopener\"><strong><span style=\"color: #000000;\">MUSEOS DE OLOT<\/span><\/strong><\/a><\/h2>\n<p>[\/vc_column_text][\/vc_column][vc_column width=\u00bb1\/3&#8243; css=\u00bb.vc_custom_1607525893180{background-color: #c7d3cf !important;}\u00bb][vc_column_text css=\u00bb.vc_custom_1709139165936{padding-bottom: 30px !important;}\u00bb]<\/p>\n<h2 style=\"text-align: center;\"><strong><a href=\"https:\/\/www.descobreixolot.cat\/passejades-excursions-olot\/\" target=\"_blank\" rel=\"noopener\"><span style=\"color: #000000;\">RUTAS EN OLOT<\/span><\/a><\/strong><\/h2>\n<p>[\/vc_column_text][\/vc_column][\/vc_row][vc_row css=\u00bb.vc_custom_1607525227579{padding-right: 10px !important;padding-left: 10px !important;}\u00bb][vc_column width=\u00bb1\/3&#8243; css=\u00bb.vc_custom_1614145119778{padding-right: 10px !important;padding-left: 10px !important;background-color: #b58070 !important;}\u00bb][vc_column_text css=\u00bb.vc_custom_1709139057158{padding-bottom: 30px !important;}\u00bb]<\/p>\n<h2 style=\"text-align: center;\"><a href=\"https:\/\/www.descobreixolot.cat\/mercat-setmanal-olot\/\" target=\"_blank\" rel=\"noopener\"><strong><span style=\"color: #000000;\">MERCADO SEMANAL<\/span><\/strong><\/a><\/h2>\n<p>[\/vc_column_text][\/vc_column][vc_column width=\u00bb1\/3&#8243; css=\u00bb.vc_custom_1614145028681{background-color: #a5bfa2 !important;}\u00bb][vc_column_text css=\u00bb.vc_custom_1709139064351{padding-bottom: 30px !important;}\u00bb]<\/p>\n<h2 style=\"text-align: center;\"><a href=\"https:\/\/www.descobreixolot.cat\/es\/restaurantes-olot\/\" target=\"_blank\" rel=\"noopener\"><strong><span style=\"color: #000000;\">RESTAURANTES EN OLOT<\/span><\/strong><\/a><\/h2>\n<p>[\/vc_column_text][\/vc_column][vc_column width=\u00bb1\/3&#8243; css=\u00bb.vc_custom_1614145367115{background-color: #6f6c8e !important;}\u00bb][vc_column_text css=\u00bb.vc_custom_1709139071431{padding-bottom: 30px !important;}\u00bb]<\/p>\n<h2 style=\"text-align: center;\"><a href=\"https:\/\/www.descobreixolot.cat\/que-fer-a-olot-amb-nens\/\" target=\"_blank\" rel=\"noopener\"><strong><span style=\"color: #000000;\">QU\u00c9 HACER CON NI\u00d1@S<\/span><\/strong><\/a><\/h2>\n<p>[\/vc_column_text][\/vc_column][\/vc_row][vc_row][vc_column][vc_empty_space][\/vc_column][\/vc_row][vc_row][vc_column][vc_column_text]<\/p>\n<h3 style=\"text-align: left;\"><span style=\"font-weight: 400;\">Descubre todas las cosas que puedes hacer o ver Olot navegando entre rutas gastron\u00f3micas, lugares secretos y paisajes incre\u00edbles de la Garrotxa<\/span><\/h3>\n<p style=\"text-align: left;\"><span style=\"font-weight: 400;\">En la ciudad de los volcanes, encontrar\u00e1s actividades para toda la familia como <strong>paseadas, excursiones, talleres, museos<\/strong>&#8230; y para todos los paladares, puesto que a pesar de que en la <strong>gastronom\u00eda de la Garrotxa<\/strong> destacan los embutidos y las patatas de Olot, tambi\u00e9n hay cada vez m\u00e1s oferta vegetariana e internacional. <\/span><\/p>\n<p style=\"text-align: left;\"><span style=\"font-weight: 400;\">Desde Olot, se puede descubrir el <strong>Parque Natural de la Zona Volc\u00e1nica de la Garrotxa<\/strong>, un parque protegido que protagonizan el Volc\u00e1n Croscat y el de Santa Margarida, que se pueden visitar iniciando la ruta por el Hayedo de en Jord\u00e0.<\/span><\/p>\n<p style=\"text-align: left;\"><span style=\"font-weight: 400;\">Como que es casa nuestra, seguramente no seremos imparciales, pero sin duda creemos que Olot, es <strong>uno de los rincones m\u00e1s bonitos para visitar y vivir de Catalu\u00f1a.<\/strong><\/span><\/p>\n<p>[\/vc_column_text][\/vc_column][\/vc_row][vc_row][vc_column][vc_empty_space][\/vc_column][\/vc_row][vc_row content_aligment=\u00bbcenter\u00bb css=\u00bb.vc_custom_1685618815978{padding-top: 3% !important;padding-bottom: 24px !important;}\u00bb][vc_column]<div class=\"eltdf-bnl-holder eltdf-pl-one-holder  eltd-post-columns-3\"  data-base=\"eltdf_post_layout_one\"   data-parallax_effect=\"no\" data-number_of_posts=\"1000\" data-column_number=\"3\" data-category_id=\"129\"     data-post_not_in=\"261\"  data-thumb_image_size=\"custom_size\" data-thumb_image_width=\"380\" data-thumb_image_height=\"262\"   data-display_date=\"no\"  data-display_category=\"no\"  data-display_comments=\"no\"  data-display_excerpt=\"no\"    data-display_pagination=\"no\"    data-paged=\"1\" data-max_pages=\"1\"><div class=\"eltdf-bnl-outer\"><div class=\"eltdf-bnl-inner\"><div class=\"eltdf-pt-one-item eltdf-post-item\">\n            <div class=\"eltdf-pt-one-image-holder\">\n                        <div class=\"eltdf-pt-one-image-inner-holder\">\n                <a itemprop=\"url\" class=\"eltdf-pt-one-slide-link eltdf-image-link\" href=\"https:\/\/www.descobreixolot.cat\/es\/los-6-volcanes-de-olot-los-volcanes-mas-urbanos-de-la-garrotxa-8\/\" target=\"_self\">\n                <img decoding=\"async\" src=\"https:\/\/www.descobreixolot.cat\/wp-content\/uploads\/Rosa_Serra_Nens_002-scaled-380x262.jpg\" alt=\"\" width=\"380\" height=\"262\" \/>                <\/a>\n            <\/div>\n        <\/div>\n        <div class=\"eltdf-pt-one-content-holder\">\n        <div class=\"eltdf-pt-one-title-holder\">\n            <h3 class=\"eltdf-pt-one-title\">\n            <a itemprop=\"url\" class=\"eltdf-pt-link\" href=\"https:\/\/www.descobreixolot.cat\/es\/los-6-volcanes-de-olot-los-volcanes-mas-urbanos-de-la-garrotxa-8\/\" target=\"_self\">Los 6 volcanes de Olot. Los volcanes m\u00e1s urbanos de La Garrotxa<\/a>\n        <\/h3>\n        <\/div>\n            <\/div>\n    \n<\/div><div class=\"eltdf-pt-one-item eltdf-post-item\">\n            <div class=\"eltdf-pt-one-image-holder\">\n                        <div class=\"eltdf-pt-one-image-inner-holder\">\n                <a itemprop=\"url\" class=\"eltdf-pt-one-slide-link eltdf-image-link\" href=\"https:\/\/www.descobreixolot.cat\/es\/los-6-volcanes-de-olot-los-volcanes-mas-urbanos-de-la-garrotxa\/\" target=\"_self\">\n                <img decoding=\"async\" src=\"https:\/\/www.descobreixolot.cat\/wp-content\/uploads\/concurs-foto-2-380x262.png\" alt=\"\" width=\"380\" height=\"262\" \/>                <\/a>\n            <\/div>\n        <\/div>\n        <div class=\"eltdf-pt-one-content-holder\">\n        <div class=\"eltdf-pt-one-title-holder\">\n            <h3 class=\"eltdf-pt-one-title\">\n            <a itemprop=\"url\" class=\"eltdf-pt-link\" href=\"https:\/\/www.descobreixolot.cat\/es\/los-6-volcanes-de-olot-los-volcanes-mas-urbanos-de-la-garrotxa\/\" target=\"_self\">Los 6 volcanes de Olot. Los volcanes m\u00e1s urbanos de La Garrotxa<\/a>\n        <\/h3>\n        <\/div>\n            <\/div>\n    \n<\/div><div class=\"eltdf-pt-one-item eltdf-post-item\">\n            <div class=\"eltdf-pt-one-image-holder\">\n                        <div class=\"eltdf-pt-one-image-inner-holder\">\n                <a itemprop=\"url\" class=\"eltdf-pt-one-slide-link eltdf-image-link\" href=\"https:\/\/www.descobreixolot.cat\/es\/teatro-principal-de-olot-un-viaje-por-el-corazon-cultural-de-la-ciudad\/\" target=\"_self\">\n                <img decoding=\"async\" src=\"https:\/\/www.descobreixolot.cat\/wp-content\/uploads\/teatre-olot-380x262.webp\" alt=\"teatre principal olot\" width=\"380\" height=\"262\" \/>                <\/a>\n            <\/div>\n        <\/div>\n        <div class=\"eltdf-pt-one-content-holder\">\n        <div class=\"eltdf-pt-one-title-holder\">\n            <h3 class=\"eltdf-pt-one-title\">\n            <a itemprop=\"url\" class=\"eltdf-pt-link\" href=\"https:\/\/www.descobreixolot.cat\/es\/teatro-principal-de-olot-un-viaje-por-el-corazon-cultural-de-la-ciudad\/\" target=\"_self\">Teatro Principal de Olot: Un viaje por el coraz\u00f3n cultural de la ciudad<\/a>\n        <\/h3>\n        <\/div>\n            <\/div>\n    \n<\/div><div class=\"eltdf-pt-one-item eltdf-post-item\">\n            <div class=\"eltdf-pt-one-image-holder\">\n                        <div class=\"eltdf-pt-one-image-inner-holder\">\n                <a itemprop=\"url\" class=\"eltdf-pt-one-slide-link eltdf-image-link\" href=\"https:\/\/www.descobreixolot.cat\/es\/volcanes-de-olot\/\" target=\"_self\">\n                <img decoding=\"async\" src=\"https:\/\/www.descobreixolot.cat\/wp-content\/uploads\/2018\/09\/volca-380x262.jpg\" alt=\"\" width=\"380\" height=\"262\" \/>                <\/a>\n            <\/div>\n        <\/div>\n        <div class=\"eltdf-pt-one-content-holder\">\n        <div class=\"eltdf-pt-one-title-holder\">\n            <h3 class=\"eltdf-pt-one-title\">\n            <a itemprop=\"url\" class=\"eltdf-pt-link\" href=\"https:\/\/www.descobreixolot.cat\/es\/volcanes-de-olot\/\" target=\"_self\">Los 6 volcanes de Olot. Los volcanes m\u00e1s urbanos de La Garrotxa<\/a>\n        <\/h3>\n        <\/div>\n            <\/div>\n    \n<\/div><\/div><\/div><\/div>[vc_empty_space height=\u00bb23px\u00bb][vc_single_image image=\u00bb17683&#8243; img_size=\u00bbfull\u00bb onclick=\u00bbcustom_link\u00bb img_link_target=\u00bb_blank\u00bb link=\u00bbhttps:\/\/espaicrater.com\/activitats\u00bb][\/vc_column][\/vc_row]<\/p>\n<\/div>","protected":false},"excerpt":{"rendered":"<p>[vc_row css=\u00bb.vc_custom_1685617365465{padding-right: 10px !important;padding-bottom: 30px !important;padding-left: 10px !important;}\u00bb][vc_column width=\u00bb1\/4&#8243; css=\u00bb.vc_custom_1607554036881{padding-right: 10px !important;padding-left: 10px !important;}\u00bb][\/vc_column][vc_column width=\u00bb1\/2&#8243;][vc_column_text] Qu\u00e9 hacer en Olot Teatro, conciertos, ferias, mercados, actividades, visitas y mucho m\u00e1s [\/vc_column_text][\/vc_column][vc_column width=\u00bb1\/4&#8243;][\/vc_column][\/vc_row][vc_row css=\u00bb.vc_custom_1607525553123{padding-right: 10px !important;padding-left: 10px !important;}\u00bb][vc_column width=\u00bb1\/3&#8243; css=\u00bb.vc_custom_1607525385396{padding-right: 10px !important;padding-left: 10px !important;background-color: #7a3e48 !important;}\u00bb][vc_column_text css=\u00bb.vc_custom_1709139006120{padding-bottom: 30px [&hellip;]<\/p>\n","protected":false},"author":15,"featured_media":0,"parent":0,"menu_order":0,"comment_status":"closed","ping_status":"closed","template":"","meta":{"inline_featured_image":false,"footnotes":""},"class_list":["post-22418","page","type-page","status-publish","hentry"],"yoast_head":"<!-- This site is optimized with the Yoast SEO Premium plugin v21.9 (Yoast SEO v26.7) - https:\/\/yoast.com\/wordpress\/plugins\/seo\/ -->\n<title>Qu\u00e9 hacer en Olot - Descobreix Olot<\/title>\n<meta name=\"description\" content=\"Qu\u00e9 hacer en Olot Os recomendamos un actividades, acontecimientos y un mont\u00f3n de propalos m\u00e1s para disfrutar de y en la ciudad de los volcanes.\" \/>\n<meta name=\"robots\" content=\"index, follow, max-snippet:-1, max-image-preview:large, max-video-preview:-1\" \/>\n<link rel=\"canonical\" href=\"https:\/\/www.descobreixolot.cat\/es\/que-fer-a-olot\/\" \/>\n<meta property=\"og:locale\" content=\"es_ES\" \/>\n<meta property=\"og:type\" content=\"article\" \/>\n<meta property=\"og:title\" content=\"Qu\u00e9 hacer en Olot\" \/>\n<meta property=\"og:description\" content=\"Qu\u00e9 hacer en Olot Os recomendamos un actividades, acontecimientos y un mont\u00f3n de propalos m\u00e1s para disfrutar de y en la ciudad de los volcanes.\" \/>\n<meta property=\"og:url\" content=\"https:\/\/www.descobreixolot.cat\/es\/que-fer-a-olot\/\" \/>\n<meta property=\"og:site_name\" content=\"descobreixolot.cat\" \/>\n<meta property=\"article:modified_time\" content=\"2024-03-11T17:13:37+00:00\" \/>\n<meta name=\"twitter:card\" content=\"summary_large_image\" \/>\n<meta name=\"twitter:label1\" content=\"Tiempo de lectura\" \/>\n\t<meta name=\"twitter:data1\" content=\"3 minutos\" \/>\n<script type=\"application\/ld+json\" class=\"yoast-schema-graph\">{\"@context\":\"https:\/\/schema.org\",\"@graph\":[{\"@type\":\"WebPage\",\"@id\":\"https:\/\/www.descobreixolot.cat\/es\/que-fer-a-olot\/\",\"url\":\"https:\/\/www.descobreixolot.cat\/es\/que-fer-a-olot\/\",\"name\":\"Qu\u00e9 hacer en Olot - Descobreix Olot\",\"isPartOf\":{\"@id\":\"https:\/\/www.descobreixolot.cat\/es\/#website\"},\"datePublished\":\"2018-08-28T14:22:58+00:00\",\"dateModified\":\"2024-03-11T17:13:37+00:00\",\"description\":\"Qu\u00e9 hacer en Olot Os recomendamos un actividades, acontecimientos y un mont\u00f3n de propalos m\u00e1s para disfrutar de y en la ciudad de los volcanes.\",\"breadcrumb\":{\"@id\":\"https:\/\/www.descobreixolot.cat\/es\/que-fer-a-olot\/#breadcrumb\"},\"inLanguage\":\"es\",\"potentialAction\":[{\"@type\":\"ReadAction\",\"target\":[\"https:\/\/www.descobreixolot.cat\/es\/que-fer-a-olot\/\"]}]},{\"@type\":\"BreadcrumbList\",\"@id\":\"https:\/\/www.descobreixolot.cat\/es\/que-fer-a-olot\/#breadcrumb\",\"itemListElement\":[{\"@type\":\"ListItem\",\"position\":1,\"name\":\"Inici\",\"item\":\"https:\/\/www.descobreixolot.cat\/es\/\"},{\"@type\":\"ListItem\",\"position\":2,\"name\":\"Qu\u00e9 hacer en Olot\"}]},{\"@type\":\"WebSite\",\"@id\":\"https:\/\/www.descobreixolot.cat\/es\/#website\",\"url\":\"https:\/\/www.descobreixolot.cat\/es\/\",\"name\":\"descobreixolot.cat\",\"description\":\"Les millors propostes per gaudir de i a Olot.\",\"publisher\":{\"@id\":\"https:\/\/www.descobreixolot.cat\/es\/#organization\"},\"alternateName\":\"descobreix olot\",\"potentialAction\":[{\"@type\":\"SearchAction\",\"target\":{\"@type\":\"EntryPoint\",\"urlTemplate\":\"https:\/\/www.descobreixolot.cat\/es\/?s={search_term_string}\"},\"query-input\":{\"@type\":\"PropertyValueSpecification\",\"valueRequired\":true,\"valueName\":\"search_term_string\"}}],\"inLanguage\":\"es\"},{\"@type\":\"Organization\",\"@id\":\"https:\/\/www.descobreixolot.cat\/es\/#organization\",\"name\":\"Descobreix Olot\",\"url\":\"https:\/\/www.descobreixolot.cat\/es\/\",\"logo\":{\"@type\":\"ImageObject\",\"inLanguage\":\"es\",\"@id\":\"https:\/\/www.descobreixolot.cat\/es\/#\/schema\/logo\/image\/\",\"url\":\"https:\/\/www.descobreixolot.cat\/wp-content\/uploads\/2018\/05\/descobreixolot-logo-footer.png\",\"contentUrl\":\"https:\/\/www.descobreixolot.cat\/wp-content\/uploads\/2018\/05\/descobreixolot-logo-footer.png\",\"width\":200,\"height\":57,\"caption\":\"Descobreix Olot\"},\"image\":{\"@id\":\"https:\/\/www.descobreixolot.cat\/es\/#\/schema\/logo\/image\/\"},\"sameAs\":[\"http:\/\/instagram.com\/descobreixolot\"]}]}<\/script>\n<!-- \/ Yoast SEO Premium plugin. -->","yoast_head_json":{"title":"Qu\u00e9 hacer en Olot - Descobreix Olot","description":"Qu\u00e9 hacer en Olot Os recomendamos un actividades, acontecimientos y un mont\u00f3n de propalos m\u00e1s para disfrutar de y en la ciudad de los volcanes.","robots":{"index":"index","follow":"follow","max-snippet":"max-snippet:-1","max-image-preview":"max-image-preview:large","max-video-preview":"max-video-preview:-1"},"canonical":"https:\/\/www.descobreixolot.cat\/es\/que-fer-a-olot\/","og_locale":"es_ES","og_type":"article","og_title":"Qu\u00e9 hacer en Olot","og_description":"Qu\u00e9 hacer en Olot Os recomendamos un actividades, acontecimientos y un mont\u00f3n de propalos m\u00e1s para disfrutar de y en la ciudad de los volcanes.","og_url":"https:\/\/www.descobreixolot.cat\/es\/que-fer-a-olot\/","og_site_name":"descobreixolot.cat","article_modified_time":"2024-03-11T17:13:37+00:00","twitter_card":"summary_large_image","twitter_misc":{"Tiempo de lectura":"3 minutos"},"schema":{"@context":"https:\/\/schema.org","@graph":[{"@type":"WebPage","@id":"https:\/\/www.descobreixolot.cat\/es\/que-fer-a-olot\/","url":"https:\/\/www.descobreixolot.cat\/es\/que-fer-a-olot\/","name":"Qu\u00e9 hacer en Olot - Descobreix Olot","isPartOf":{"@id":"https:\/\/www.descobreixolot.cat\/es\/#website"},"datePublished":"2018-08-28T14:22:58+00:00","dateModified":"2024-03-11T17:13:37+00:00","description":"Qu\u00e9 hacer en Olot Os recomendamos un actividades, acontecimientos y un mont\u00f3n de propalos m\u00e1s para disfrutar de y en la ciudad de los volcanes.","breadcrumb":{"@id":"https:\/\/www.descobreixolot.cat\/es\/que-fer-a-olot\/#breadcrumb"},"inLanguage":"es","potentialAction":[{"@type":"ReadAction","target":["https:\/\/www.descobreixolot.cat\/es\/que-fer-a-olot\/"]}]},{"@type":"BreadcrumbList","@id":"https:\/\/www.descobreixolot.cat\/es\/que-fer-a-olot\/#breadcrumb","itemListElement":[{"@type":"ListItem","position":1,"name":"Inici","item":"https:\/\/www.descobreixolot.cat\/es\/"},{"@type":"ListItem","position":2,"name":"Qu\u00e9 hacer en Olot"}]},{"@type":"WebSite","@id":"https:\/\/www.descobreixolot.cat\/es\/#website","url":"https:\/\/www.descobreixolot.cat\/es\/","name":"descobreixolot.cat","description":"Les millors propostes per gaudir de i a Olot.","publisher":{"@id":"https:\/\/www.descobreixolot.cat\/es\/#organization"},"alternateName":"descobreix olot","potentialAction":[{"@type":"SearchAction","target":{"@type":"EntryPoint","urlTemplate":"https:\/\/www.descobreixolot.cat\/es\/?s={search_term_string}"},"query-input":{"@type":"PropertyValueSpecification","valueRequired":true,"valueName":"search_term_string"}}],"inLanguage":"es"},{"@type":"Organization","@id":"https:\/\/www.descobreixolot.cat\/es\/#organization","name":"Descobreix Olot","url":"https:\/\/www.descobreixolot.cat\/es\/","logo":{"@type":"ImageObject","inLanguage":"es","@id":"https:\/\/www.descobreixolot.cat\/es\/#\/schema\/logo\/image\/","url":"https:\/\/www.descobreixolot.cat\/wp-content\/uploads\/2018\/05\/descobreixolot-logo-footer.png","contentUrl":"https:\/\/www.descobreixolot.cat\/wp-content\/uploads\/2018\/05\/descobreixolot-logo-footer.png","width":200,"height":57,"caption":"Descobreix Olot"},"image":{"@id":"https:\/\/www.descobreixolot.cat\/es\/#\/schema\/logo\/image\/"},"sameAs":["http:\/\/instagram.com\/descobreixolot"]}]}},"_links":{"self":[{"href":"https:\/\/www.descobreixolot.cat\/es\/wp-json\/wp\/v2\/pages\/22418","targetHints":{"allow":["GET"]}}],"collection":[{"href":"https:\/\/www.descobreixolot.cat\/es\/wp-json\/wp\/v2\/pages"}],"about":[{"href":"https:\/\/www.descobreixolot.cat\/es\/wp-json\/wp\/v2\/types\/page"}],"author":[{"embeddable":true,"href":"https:\/\/www.descobreixolot.cat\/es\/wp-json\/wp\/v2\/users\/15"}],"replies":[{"embeddable":true,"href":"https:\/\/www.descobreixolot.cat\/es\/wp-json\/wp\/v2\/comments?post=22418"}],"version-history":[{"count":11,"href":"https:\/\/www.descobreixolot.cat\/es\/wp-json\/wp\/v2\/pages\/22418\/revisions"}],"predecessor-version":[{"id":22713,"href":"https:\/\/www.descobreixolot.cat\/es\/wp-json\/wp\/v2\/pages\/22418\/revisions\/22713"}],"wp:attachment":[{"href":"https:\/\/www.descobreixolot.cat\/es\/wp-json\/wp\/v2\/media?parent=22418"}],"curies":[{"name":"wp","href":"https:\/\/api.w.org\/{rel}","templated":true}]}}